{"id":7,"date":"2014-05-29T20:14:56","date_gmt":"2014-05-29T19:14:56","guid":{"rendered":"http:\/\/www.foietlumiere.ch\/wordpress\/?page_id=7"},"modified":"2023-07-01T10:09:58","modified_gmt":"2023-07-01T09:09:58","slug":"monts-et-vallees-sans-frontieres","status":"publish","type":"page","link":"https:\/\/www.foietlumiere.ch\/wordpress\/?page_id=7","title":{"rendered":"Foi et Lumi\u00e8re"},"content":{"rendered":"<p style=\"text-align: center;\"><strong>Communaut\u00e9s de Suisse et du Jura fran\u00e7ais<\/strong><\/p>\n<p style=\"text-align: justify;\">Notre province\u00a0 <strong>\u00ab\u00a0Monts et Vall\u00e9es sans fronti\u00e8res\u00a0\u00bb<\/strong> comprend aujourd&rsquo;hui 13 communaut\u00e9s. Elle a \u00e9t\u00e9 fond\u00e9e\u00a0 en\u00a0 octobre 2012.<\/p>\n<blockquote>\n<h4 style=\"text-align: justify;\">Lors de la premi\u00e8re <strong>assembl\u00e9e provinciale des 13-14 octobre 2012<\/strong>, la reconnaissance officielle de la province a \u00e9t\u00e9 accueillie avec grande joie par les repr\u00e9sentants des communaut\u00e9s.<\/h4>\n<h4 style=\"text-align: justify;\">Le nom de la province \u00ab\u00a0Monts et Vall\u00e9es sans fronti\u00e8res\u00a0\u00bb a \u00e9t\u00e9 propos\u00e9 &#8230; par nos amis fran\u00e7ais et unanimement accept\u00e9 !<\/h4>\n<\/blockquote>\n<p style=\"text-align: justify;\">Les <strong>MONTS<\/strong>, c&rsquo;est bien, mais la r\u00e9alit\u00e9 des <strong>VALLEES<\/strong>, c&rsquo;est le reflet de nos vies, avec les hauts et les bas, les ombres et les lumi\u00e8res, le retour au quotidien apr\u00e8s l&rsquo;enthousiasme des hauteurs&#8230;et les <strong>FRONTIERES<\/strong>, il n&rsquo;y en a pas seulement sur les cartes g\u00e9ographiques : celles que nous construisons en nous-m\u00eames ou entre nous sont parfois plus difficiles \u00e0 franchir&#8230;<\/p>\n<p style=\"text-align: justify;\">Alors, c&rsquo;est bon de pouvoir franchir des monts ensemble, de l\u00e0-haut, on est capable de voir plus loin, sans fronti\u00e8res, peut-\u00eatre d&rsquo;avoir des visions&#8230; mais il est tout aussi bon d&rsquo;en redescendre, fortifi\u00e9, pour rejoindre ceux qui attendent notre pr\u00e9sence et notre amiti\u00e9.<\/p>\n<p style=\"text-align: justify;\">Cette assembl\u00e9e provinciale avait eu lieu dans la maison de retraite de Montbarry, en Gruy\u00e8re. Tr\u00e8s spontan\u00e9ment, d\u00e8s que le nom de la province a \u00e9t\u00e9 accept\u00e9, un chant a jailli de l&rsquo;assembl\u00e9e, sur un air bien connu au-del\u00e0 du pays de Fribourg. Qui ne conna\u00eet pas la chanson de l&rsquo;abb\u00e9 Bovet \u00ab\u00a0L\u00e0-haut sur la montagne\u00a0\u00bb ?<\/p>\n<p style=\"text-align: justify;\">L&rsquo;\u00e9quipe qui a le souci de soutenir les diverses commuanut\u00e9s est devenue \u00ab\u00a0provinciale\u00a0\u00bb et s&rsquo;est adjoint deux nouveaux vice-coordinateurs provinciaux, venant de part et d&rsquo;autre du Jura fran\u00e7ais et Suisse, Jean-Louis Beno\u00ect (de Mont-Roland) et Jean-Luc Vouga (ancien coordinateur de la Suisse, avec son \u00e9pouse Fran\u00e7oise).<\/p>\n<p style=\"text-align: center;\">\n<p style=\"text-align: justify;\">Un premier conseil provincial a eu lieu en janvier 2013&#8230;forc\u00e9ment dans les montagnes. C&rsquo;est dans le chalet des soeurs de Cr\u00e9suz que l&rsquo;\u00e9quipe provinciale s&rsquo;est retrouv\u00e9e, sous la neige, puis le soleil.<\/p>\n<p style=\"text-align: justify;\">Ensemble, les jalons des deux prochaines ann\u00e9es ont \u00e9t\u00e9 pos\u00e9s, avec les projets d&rsquo;une rencontre provinciale en Suisse et en 2014, en France&#8230;\u00e0 Notre-Dame de Mont Roland ! Des temps de formations devraient aussi voir le jour, dans les diverses r\u00e9gions.<\/p>\n<hr \/>\n<p style=\"text-align: justify;\">Les premi\u00e8res communaut\u00e9s suisses ont \u00e9t\u00e9 fond\u00e9es il y a plus de 35 ans.<\/p>\n<p>En cette ann\u00e9e 2021, le Mouvement est compos\u00e9 de 14 communaut\u00e9s.<\/p>\n<p><a href=\"https:\/\/www.foietlumiere.ch\/wordpress\/?page_id=1453\">Voir la liste et les adresses de contact<\/a><\/p>\n<p style=\"text-align: center;\"><img loading=\"lazy\" decoding=\"async\" class=\"\" src=\"http:\/\/foietlumiere.ch\/uploads\/images\/infos_suisses\/infos_suisses_005.jpg\" alt=\"\" width=\"397\" height=\"298\" \/><\/p>\n<p style=\"text-align: justify;\">Plus que jamais, la personne vivant avec un handicap a quelque chose \u00e0 nous faire d\u00e9couvrir.<\/p>\n<p style=\"text-align: justify;\">Les progr\u00e8s sont ind\u00e9niables, mais il reste beaucoup \u00e0 faire partout dans le monde pour que chacun, y-compris la personne profond\u00e9ment handicap\u00e9e, soit reconnue comme une personne \u00e0 part enti\u00e8re, puisse exercer ses dons et d\u00e9couvrir la joie de l&rsquo;amiti\u00e9.<\/p>\n<p style=\"text-align: justify;\">C&rsquo;est si dur pour des parents d&rsquo;\u00eatre affront\u00e9s \u00e0 l&rsquo;attente, \u00e0 la naissance, \u00e0 l&rsquo;\u00e9ducation d&rsquo;un enfant avec un handicap et c&rsquo;est une telle lumi\u00e8re lorsqu&rsquo;on sait qu&rsquo;une communaut\u00e9 Foi et Lumi\u00e8re se propose de vous accueillir.<\/p>\n<p style=\"text-align: center;\"><img loading=\"lazy\" decoding=\"async\" style=\"float: right;\" src=\"http:\/\/foietlumiere.ch\/uploads\/images\/infos_suisses\/infos_suisses_006.jpg\" alt=\"\" width=\"256\" height=\"193\" \/><\/p>\n<p style=\"text-align: center;\"><img loading=\"lazy\" decoding=\"async\" class=\"\" src=\"http:\/\/foietlumiere.ch\/uploads\/images\/infos_suisses\/infos_suisses_017.jpg\" alt=\"\" width=\"102\" height=\"199\" \/><\/p>\n<p>Il est avant tout important de faire des projets, construire l&rsquo;avenir de nos communaut\u00e9s, d&rsquo;avancer ensemble, vivre des temps forts qui entretiennent l&rsquo;enhousiasme. Il est bon aussi parfois de se rappeler les bons souvenirs&#8230;<\/p>\n<p><strong>Equipe de coordination de la \u00ab\u00a0Province Monts et Vall\u00e9es sans Fronti\u00e8res\u00a0\u00bb<\/strong><strong><br \/>\n<\/strong><\/p>\n<p>Vicentini Paolo, Coordinateur, ( une ann\u00e9e )<\/p>\n<p style=\"text-align: left;\">BENO\u00ceT Jean-Louis, Vice-Coordinateur,<\/p>\n<p>TRAVELLETTI Eddy, Vice-coordinateur,<\/p>\n<p>ROBADEY Chantal, Vice-coordinatrice,<\/p>\n<p>Zufferey Francis, Aum\u00f4nier<\/p>\n<p>GABIOUD Myriam, Tr\u00e9sori\u00e8re,<\/p>\n<p style=\"text-align: left;\"><strong>\u00a0<\/strong><\/p>\n<hr \/>\n<p style=\"text-align: left;\">\n<p style=\"text-align: center;\"><strong>Chant de la \u00ab\u00a0Nouvelle Province\u00a0\u00bb<br \/>\n<\/strong><\/p>\n<p>L\u00e0-haut sur la montagne<br \/>\nL\u2019est une nouvelle province<br \/>\nLes Suisses et les Fran\u00e7ais<br \/>\nSe sont unis dans l\u2019amiti\u00e9<br \/>\nL\u00e0-haut sur la montagne<br \/>\nL\u2019est une nouvelle province.<\/p>\n<p>L\u00e0\u2013haut sur la montagne,<br \/>\nUn jour \u00e0 Montbarry<br \/>\nEn octobre, un samedi,<br \/>\nTous r\u00e9unis, nouveaux amis<br \/>\nL\u00e0-haut sur la montagne,<br \/>\nMonts et Vall\u00e9es est n\u00e9e<\/p>\n<p>L\u00e0-haut sur la montagne<br \/>\nL\u2019est un lieu de rencontre<br \/>\nPour c\u00e9l\u00e9brer, prier,<br \/>\nF\u00eater, chanter dans l\u2019amiti\u00e9<br \/>\nL\u00e0-haut sur la montagne,<br \/>\nL\u2019est un lieu de rencontre.<\/p>\n<p>L\u00e0-haut sur la montagne<br \/>\nQue brille le soleil<br \/>\nQue nos difficult\u00e9s, et nos soucis<br \/>\nSoient transfigur\u00e9s<br \/>\nAu fond de toutes les vall\u00e9es<br \/>\nQue brille le soleil.<\/p>\n<p>L\u00e0-haut sur la montagne<br \/>\nDieu veille sur nos provinces<br \/>\nUnis dans la pri\u00e8re<br \/>\nFoi et Lumi\u00e8re sans fronti\u00e8res<br \/>\nL\u00e0-haut sur la montagne<br \/>\nDieu veille sur nos provinces.<strong><br \/>\n<\/strong><\/p>\n","protected":false},"excerpt":{"rendered":"<p>Communaut\u00e9s de Suisse et du Jura fran\u00e7ais Notre province\u00a0 \u00ab\u00a0Monts et Vall\u00e9es sans fronti\u00e8res\u00a0\u00bb comprend aujourd&rsquo;hui 13 communaut\u00e9s. Elle a \u00e9t\u00e9 fond\u00e9e\u00a0 en\u00a0 octobre 2012. Lors de la premi\u00e8re assembl\u00e9e provinciale des 13-14 octobre 2012, la reconnaissance officielle de la province a \u00e9t\u00e9 accueillie avec grande joie par les repr\u00e9sentants des communaut\u00e9s. Le nom de la province \u00ab\u00a0Monts et Vall\u00e9es sans fronti\u00e8res\u00a0\u00bb a \u00e9t\u00e9 propos\u00e9 &#8230; par nos amis fran\u00e7ais et unanimement accept\u00e9 ! Les MONTS, c&rsquo;est bien, mais la r\u00e9alit\u00e9 des VALLEES, c&rsquo;est le reflet de nos vies, avec les hauts et les bas, les ombres et les lumi\u00e8res, le retour au quotidien apr\u00e8s l&rsquo;enthousiasme des hauteurs&#8230;et les FRONTIERES, il n&rsquo;y en a pas seulement sur les cartes g\u00e9ographiques : celles que nous construisons en nous-m\u00eames ou entre nous sont parfois plus difficiles \u00e0 franchir&#8230; Alors, c&rsquo;est bon de pouvoir franchir des monts ensemble, de l\u00e0-haut, on est capable de voir plus loin, <a class=\"more-link\" href=\"https:\/\/www.foietlumiere.ch\/wordpress\/?page_id=7\">Continuer la lecture <span class=\"screen-reader-text\">  Foi et Lumi\u00e8re<\/span><span class=\"meta-nav\">&rarr;<\/span><\/a><\/p>\n","protected":false},"author":4,"featured_media":0,"parent":0,"menu_order":1,"comment_status":"closed","ping_status":"closed","template":"","meta":{"footnotes":""},"class_list":["post-7","page","type-page","status-publish","hentry"],"_links":{"self":[{"href":"https:\/\/www.foietlumiere.ch\/wordpress\/index.php?rest_route=\/wp\/v2\/pages\/7","targetHints":{"allow":["GET"]}}],"collection":[{"href":"https:\/\/www.foietlumiere.ch\/wordpress\/index.php?rest_route=\/wp\/v2\/pages"}],"about":[{"href":"https:\/\/www.foietlumiere.ch\/wordpress\/index.php?rest_route=\/wp\/v2\/types\/page"}],"author":[{"embeddable":true,"href":"https:\/\/www.foietlumiere.ch\/wordpress\/index.php?rest_route=\/wp\/v2\/users\/4"}],"replies":[{"embeddable":true,"href":"https:\/\/www.foietlumiere.ch\/wordpress\/index.php?rest_route=%2Fwp%2Fv2%2Fcomments&post=7"}],"version-history":[{"count":38,"href":"https:\/\/www.foietlumiere.ch\/wordpress\/index.php?rest_route=\/wp\/v2\/pages\/7\/revisions"}],"predecessor-version":[{"id":4122,"href":"https:\/\/www.foietlumiere.ch\/wordpress\/index.php?rest_route=\/wp\/v2\/pages\/7\/revisions\/4122"}],"wp:attachment":[{"href":"https:\/\/www.foietlumiere.ch\/wordpress\/index.php?rest_route=%2Fwp%2Fv2%2Fmedia&parent=7"}],"curies":[{"name":"wp","href":"https:\/\/api.w.org\/{rel}","templated":true}]}}