{"id":4532,"date":"2024-06-24T20:00:00","date_gmt":"2024-06-24T19:00:00","guid":{"rendered":"https:\/\/www.foietlumiere.ch\/wordpress\/?page_id=4532"},"modified":"2024-06-24T16:47:15","modified_gmt":"2024-06-24T15:47:15","slug":"la-caravane-est-arrivee","status":"publish","type":"page","link":"https:\/\/www.foietlumiere.ch\/wordpress\/?page_id=4532","title":{"rendered":"La caravane est arriv\u00e9e"},"content":{"rendered":"\n<p class=\"has-text-align-center has-text-color has-link-color has-normal-font-size wp-elements-3d2335be79fc02b71ff9b2e8e79902fa\" style=\"color:#1e76b9\"><strong>Elle s&rsquo;est arr\u00eat\u00e9e \u00e0 St Maurice le 1 juin 2024 \u00e0 la Maison de la famille de V\u00e9rolliez<\/strong><\/p>\n\n\n\n<figure class=\"wp-block-image size-full is-resized\"><img loading=\"lazy\" decoding=\"async\" width=\"842\" height=\"873\" src=\"https:\/\/www.foietlumiere.ch\/wordpress\/wp-content\/uploads\/2024\/06\/image.png\" alt=\"\" class=\"wp-image-4533\" style=\"width:590px;height:auto\" srcset=\"https:\/\/www.foietlumiere.ch\/wordpress\/wp-content\/uploads\/2024\/06\/image.png 842w, https:\/\/www.foietlumiere.ch\/wordpress\/wp-content\/uploads\/2024\/06\/image-579x600.png 579w, https:\/\/www.foietlumiere.ch\/wordpress\/wp-content\/uploads\/2024\/06\/image-768x796.png 768w\" sizes=\"auto, (max-width: 842px) 100vw, 842px\" \/><\/figure>\n","protected":false},"excerpt":{"rendered":"<p>Elle s&rsquo;est arr\u00eat\u00e9e \u00e0 St Maurice le 1 juin 2024 \u00e0 la Maison de la famille de V\u00e9rolliez<\/p>\n","protected":false},"author":4,"featured_media":0,"parent":0,"menu_order":0,"comment_status":"closed","ping_status":"closed","template":"","meta":{"footnotes":""},"class_list":["post-4532","page","type-page","status-publish","hentry"],"_links":{"self":[{"href":"https:\/\/www.foietlumiere.ch\/wordpress\/index.php?rest_route=\/wp\/v2\/pages\/4532","targetHints":{"allow":["GET"]}}],"collection":[{"href":"https:\/\/www.foietlumiere.ch\/wordpress\/index.php?rest_route=\/wp\/v2\/pages"}],"about":[{"href":"https:\/\/www.foietlumiere.ch\/wordpress\/index.php?rest_route=\/wp\/v2\/types\/page"}],"author":[{"embeddable":true,"href":"https:\/\/www.foietlumiere.ch\/wordpress\/index.php?rest_route=\/wp\/v2\/users\/4"}],"replies":[{"embeddable":true,"href":"https:\/\/www.foietlumiere.ch\/wordpress\/index.php?rest_route=%2Fwp%2Fv2%2Fcomments&post=4532"}],"version-history":[{"count":3,"href":"https:\/\/www.foietlumiere.ch\/wordpress\/index.php?rest_route=\/wp\/v2\/pages\/4532\/revisions"}],"predecessor-version":[{"id":4536,"href":"https:\/\/www.foietlumiere.ch\/wordpress\/index.php?rest_route=\/wp\/v2\/pages\/4532\/revisions\/4536"}],"wp:attachment":[{"href":"https:\/\/www.foietlumiere.ch\/wordpress\/index.php?rest_route=%2Fwp%2Fv2%2Fmedia&parent=4532"}],"curies":[{"name":"wp","href":"https:\/\/api.w.org\/{rel}","templated":true}]}}