{"id":3696,"date":"2021-02-02T10:14:22","date_gmt":"2021-02-02T09:14:22","guid":{"rendered":"https:\/\/www.foietlumiere.ch\/wordpress\/?page_id=3696"},"modified":"2023-08-26T09:03:47","modified_gmt":"2023-08-26T08:03:47","slug":"sion-notre-dame-de-valere","status":"publish","type":"page","link":"https:\/\/www.foietlumiere.ch\/wordpress\/?page_id=3696","title":{"rendered":"Sion \u2013 Notre-Dame de Val\u00e8re"},"content":{"rendered":"\n<p><strong>Coordinatrice<\/strong>&nbsp;: Bernadette Berthod 027 395 15 07<img decoding=\"async\" src=\"http:\/\/foietlumiere.ch\/uploads\/images\/bas_valais\/bas_valais_004.jpg\" alt=\"\" width=\"500\"\/><\/p>\n\n\n<div class=\"wp-block-image\">\n<figure class=\"aligncenter\"><img decoding=\"async\" src=\"http:\/\/foietlumiere.ch\/uploads\/images\/bas_valais\/bas_valais_017.JPG\" alt=\"\"\/><\/figure>\n<\/div>\n\n\n<p><strong>Chemin des cr\u00e8ches<\/strong><\/p>\n\n\n\n<p>La communaut\u00e9 Notre Dame de Val\u00e8re a particip\u00e9 \u00e0 l\u2019action \u00ab&nbsp;Chemin des Cr\u00e8ches&nbsp;\u00bb \u00e0 travers la ville de Sion. Ils ont construit une cr\u00e8che, visible durant tout le temps de l\u2019Avent jusqu\u2019\u00e0 l\u2019Epiphanie. C\u2019\u00e9tait une belle occasion de t\u00e9moigner de Foi et Lumi\u00e8re, avec la communaut\u00e9, au c\u0153ur de la ville.<\/p>\n\n\n<div class=\"wp-block-image\">\n<figure class=\"aligncenter\"><a href=\"http:\/\/www.foietlumiere.ch\/wordpress\/?attachment_id=574\"><img decoding=\"async\" src=\"http:\/\/www.foietlumiere.ch\/wordpress\/wp-content\/uploads\/2014\/05\/chemin-des-cr-%C2%BFches-1.jpg\" alt=\"chemin des cr+\u00bfches 1\" class=\"wp-image-574\"\/><\/a><\/figure>\n<\/div>\n\n<div class=\"wp-block-image\">\n<figure class=\"aligncenter\"><a href=\"http:\/\/www.foietlumiere.ch\/wordpress\/?attachment_id=575\"><img decoding=\"async\" src=\"http:\/\/www.foietlumiere.ch\/wordpress\/wp-content\/uploads\/2014\/05\/chemin-des-cr-%C2%BFches-2.jpg\" alt=\"chemin des cr+\u00bfches 2\" class=\"wp-image-575\"\/><\/a><\/figure>\n<\/div>","protected":false},"excerpt":{"rendered":"<p>Coordinatrice&nbsp;: Bernadette Berthod 027 395 15 07 Chemin des cr\u00e8ches La communaut\u00e9 Notre Dame de Val\u00e8re a particip\u00e9 \u00e0 l\u2019action \u00ab&nbsp;Chemin des Cr\u00e8ches&nbsp;\u00bb \u00e0 travers la ville de Sion. Ils ont construit une cr\u00e8che, visible durant tout le temps de l\u2019Avent jusqu\u2019\u00e0 l\u2019Epiphanie. C\u2019\u00e9tait une belle occasion de t\u00e9moigner de Foi et Lumi\u00e8re, avec la communaut\u00e9, au c\u0153ur de la ville.<\/p>\n","protected":false},"author":4,"featured_media":0,"parent":21,"menu_order":1,"comment_status":"closed","ping_status":"closed","template":"","meta":{"footnotes":""},"class_list":["post-3696","page","type-page","status-publish","hentry"],"_links":{"self":[{"href":"https:\/\/www.foietlumiere.ch\/wordpress\/index.php?rest_route=\/wp\/v2\/pages\/3696","targetHints":{"allow":["GET"]}}],"collection":[{"href":"https:\/\/www.foietlumiere.ch\/wordpress\/index.php?rest_route=\/wp\/v2\/pages"}],"about":[{"href":"https:\/\/www.foietlumiere.ch\/wordpress\/index.php?rest_route=\/wp\/v2\/types\/page"}],"author":[{"embeddable":true,"href":"https:\/\/www.foietlumiere.ch\/wordpress\/index.php?rest_route=\/wp\/v2\/users\/4"}],"replies":[{"embeddable":true,"href":"https:\/\/www.foietlumiere.ch\/wordpress\/index.php?rest_route=%2Fwp%2Fv2%2Fcomments&post=3696"}],"version-history":[{"count":2,"href":"https:\/\/www.foietlumiere.ch\/wordpress\/index.php?rest_route=\/wp\/v2\/pages\/3696\/revisions"}],"predecessor-version":[{"id":4107,"href":"https:\/\/www.foietlumiere.ch\/wordpress\/index.php?rest_route=\/wp\/v2\/pages\/3696\/revisions\/4107"}],"up":[{"embeddable":true,"href":"https:\/\/www.foietlumiere.ch\/wordpress\/index.php?rest_route=\/wp\/v2\/pages\/21"}],"wp:attachment":[{"href":"https:\/\/www.foietlumiere.ch\/wordpress\/index.php?rest_route=%2Fwp%2Fv2%2Fmedia&parent=3696"}],"curies":[{"name":"wp","href":"https:\/\/api.w.org\/{rel}","templated":true}]}}