{"id":3682,"date":"2021-02-02T09:44:34","date_gmt":"2021-02-02T08:44:34","guid":{"rendered":"https:\/\/www.foietlumiere.ch\/wordpress\/?page_id=3682"},"modified":"2023-08-26T09:03:13","modified_gmt":"2023-08-26T08:03:13","slug":"la-source","status":"publish","type":"page","link":"https:\/\/www.foietlumiere.ch\/wordpress\/?page_id=3682","title":{"rendered":"\u00ab\u00a0La Source\u00a0\u00bb"},"content":{"rendered":"\n<p><strong>Gl\u00e2ne : Communaut\u00e9 de \u00ab\u00a0la Source\u00a0\u00bb<\/strong><\/p>\n\n\n\n<figure class=\"wp-block-image\"><img decoding=\"async\" src=\"http:\/\/foietlumiere.ch\/uploads\/images\/fribourg\/fribourg_017.jpg\" alt=\"\"\/><\/figure>\n\n\n\n<p><\/p>\n\n\n\n<p><strong>Responsable&nbsp;&nbsp;&nbsp;&nbsp;&nbsp; Christiane Bovet &nbsp;&nbsp;&nbsp;&nbsp;&nbsp;&nbsp;&nbsp;&nbsp;&nbsp;&nbsp;&nbsp;&nbsp;<a rel=\"noreferrer noopener\" href=\"mailto:ch.bovet@bluemail.ch\" target=\"_blank\">ch.bovet@bluemail.ch<\/a><\/strong><\/p>\n\n\n<div class=\"wp-block-image\">\n<figure class=\"aligncenter size-full\"><img loading=\"lazy\" decoding=\"async\" width=\"208\" height=\"258\" src=\"https:\/\/www.foietlumiere.ch\/wordpress\/wp-content\/uploads\/2022\/02\/cb1.jpg\" alt=\"\" class=\"wp-image-3884\"\/><\/figure>\n<\/div>\n\n\n<p><\/p>\n\n\n\n<p><strong>Aum\u00f4nier<\/strong> : Abb\u00e9 Th\u00e9ophile Mena &nbsp;&nbsp;<a rel=\"noreferrer noopener\" href=\"mailto:menabumba@yohoo.ca\" target=\"_blank\">menabumba@yahoo.ca<\/a> <\/p>\n\n\n<div class=\"wp-block-image\">\n<figure class=\"aligncenter size-full is-resized\"><img loading=\"lazy\" decoding=\"async\" src=\"https:\/\/www.foietlumiere.ch\/wordpress\/wp-content\/uploads\/2022\/02\/AB-1.jpg\" alt=\"\" class=\"wp-image-3881\" width=\"216\" height=\"325\"\/><\/figure>\n<\/div>\n\n<div class=\"wp-block-image\">\n<figure class=\"aligncenter\"><img decoding=\"async\" src=\"http:\/\/foietlumiere.ch\/uploads\/images\/fribourg\/fribourg_015.JPG\" alt=\"\"\/><\/figure>\n<\/div>\n\n\n<p><\/p>\n\n\n\n<p><\/p>\n\n\n\n<blockquote class=\"wp-block-quote is-layout-flow wp-block-quote-is-layout-flow\">\n<p>\u00ab\u00a0L&rsquo;amiti\u00e9 est comme une flamme, qui \u00e9claire et r\u00e9chauffe ton coeur, la maison o\u00f9 tu la trouves c&rsquo;est le coeur de ton ami&#8230;.\u00a0\u00bb<\/p>\n<\/blockquote>\n","protected":false},"excerpt":{"rendered":"<p>Gl\u00e2ne : Communaut\u00e9 de \u00ab\u00a0la Source\u00a0\u00bb Responsable&nbsp;&nbsp;&nbsp;&nbsp;&nbsp; Christiane Bovet &nbsp;&nbsp;&nbsp;&nbsp;&nbsp;&nbsp;&nbsp;&nbsp;&nbsp;&nbsp;&nbsp;&nbsp;ch.bovet@bluemail.ch Aum\u00f4nier : Abb\u00e9 Th\u00e9ophile Mena &nbsp;&nbsp;menabumba@yahoo.ca \u00ab\u00a0L&rsquo;amiti\u00e9 est comme une flamme, qui \u00e9claire et r\u00e9chauffe ton coeur, la maison o\u00f9 tu la trouves c&rsquo;est le coeur de ton ami&#8230;.\u00a0\u00bb<\/p>\n","protected":false},"author":4,"featured_media":0,"parent":19,"menu_order":2,"comment_status":"closed","ping_status":"closed","template":"","meta":{"footnotes":""},"class_list":["post-3682","page","type-page","status-publish","hentry"],"_links":{"self":[{"href":"https:\/\/www.foietlumiere.ch\/wordpress\/index.php?rest_route=\/wp\/v2\/pages\/3682","targetHints":{"allow":["GET"]}}],"collection":[{"href":"https:\/\/www.foietlumiere.ch\/wordpress\/index.php?rest_route=\/wp\/v2\/pages"}],"about":[{"href":"https:\/\/www.foietlumiere.ch\/wordpress\/index.php?rest_route=\/wp\/v2\/types\/page"}],"author":[{"embeddable":true,"href":"https:\/\/www.foietlumiere.ch\/wordpress\/index.php?rest_route=\/wp\/v2\/users\/4"}],"replies":[{"embeddable":true,"href":"https:\/\/www.foietlumiere.ch\/wordpress\/index.php?rest_route=%2Fwp%2Fv2%2Fcomments&post=3682"}],"version-history":[{"count":10,"href":"https:\/\/www.foietlumiere.ch\/wordpress\/index.php?rest_route=\/wp\/v2\/pages\/3682\/revisions"}],"predecessor-version":[{"id":4104,"href":"https:\/\/www.foietlumiere.ch\/wordpress\/index.php?rest_route=\/wp\/v2\/pages\/3682\/revisions\/4104"}],"up":[{"embeddable":true,"href":"https:\/\/www.foietlumiere.ch\/wordpress\/index.php?rest_route=\/wp\/v2\/pages\/19"}],"wp:attachment":[{"href":"https:\/\/www.foietlumiere.ch\/wordpress\/index.php?rest_route=%2Fwp%2Fv2%2Fmedia&parent=3682"}],"curies":[{"name":"wp","href":"https:\/\/api.w.org\/{rel}","templated":true}]}}