{"id":3472,"date":"2021-01-29T13:47:02","date_gmt":"2021-01-29T12:47:02","guid":{"rendered":"https:\/\/www.foietlumiere.ch\/wordpress\/?page_id=3472"},"modified":"2021-01-29T13:47:40","modified_gmt":"2021-01-29T12:47:40","slug":"m-h-mathieu-plus-jamais-seuls","status":"publish","type":"page","link":"https:\/\/www.foietlumiere.ch\/wordpress\/?page_id=3472","title":{"rendered":"M-H Mathieu  &#8211;  Plus jamais seuls"},"content":{"rendered":"\n<figure class=\"wp-block-image\"><img decoding=\"async\" src=\"http:\/\/foietlumiere.ch\/uploads\/images\/publications\/publications_006.jpg\" alt=\"\"\/><\/figure>\n\n\n\n<p>Plus jamais seuls, l\u2019aventure de Foi et Lumi\u00e8re,Marie-H\u00e9l\u00e8ne Mathieu avec Jean Vanier,&nbsp; 2011, Ed. Presses de la Renaissance.<\/p>\n\n\n\n<p>Traduit en br\u00e9silien, italien, portugais, polonais;<\/p>\n\n\n\n<p>en pr\u00e9paration : espagnol et anglais<\/p>\n","protected":false},"excerpt":{"rendered":"<p>Plus jamais seuls, l\u2019aventure de Foi et Lumi\u00e8re,Marie-H\u00e9l\u00e8ne Mathieu avec Jean Vanier,&nbsp; 2011, Ed. Presses de la Renaissance. Traduit en br\u00e9silien, italien, portugais, polonais; en pr\u00e9paration : espagnol et anglais<\/p>\n","protected":false},"author":4,"featured_media":0,"parent":0,"menu_order":9,"comment_status":"closed","ping_status":"closed","template":"","meta":{"footnotes":""},"class_list":["post-3472","page","type-page","status-publish","hentry"],"_links":{"self":[{"href":"https:\/\/www.foietlumiere.ch\/wordpress\/index.php?rest_route=\/wp\/v2\/pages\/3472","targetHints":{"allow":["GET"]}}],"collection":[{"href":"https:\/\/www.foietlumiere.ch\/wordpress\/index.php?rest_route=\/wp\/v2\/pages"}],"about":[{"href":"https:\/\/www.foietlumiere.ch\/wordpress\/index.php?rest_route=\/wp\/v2\/types\/page"}],"author":[{"embeddable":true,"href":"https:\/\/www.foietlumiere.ch\/wordpress\/index.php?rest_route=\/wp\/v2\/users\/4"}],"replies":[{"embeddable":true,"href":"https:\/\/www.foietlumiere.ch\/wordpress\/index.php?rest_route=%2Fwp%2Fv2%2Fcomments&post=3472"}],"version-history":[{"count":1,"href":"https:\/\/www.foietlumiere.ch\/wordpress\/index.php?rest_route=\/wp\/v2\/pages\/3472\/revisions"}],"predecessor-version":[{"id":3473,"href":"https:\/\/www.foietlumiere.ch\/wordpress\/index.php?rest_route=\/wp\/v2\/pages\/3472\/revisions\/3473"}],"wp:attachment":[{"href":"https:\/\/www.foietlumiere.ch\/wordpress\/index.php?rest_route=%2Fwp%2Fv2%2Fmedia&parent=3472"}],"curies":[{"name":"wp","href":"https:\/\/api.w.org\/{rel}","templated":true}]}}