{"id":3453,"date":"2021-01-29T13:04:11","date_gmt":"2021-01-29T12:04:11","guid":{"rendered":"https:\/\/www.foietlumiere.ch\/wordpress\/?page_id=3453"},"modified":"2021-02-02T08:13:13","modified_gmt":"2021-02-02T07:13:13","slug":"2020-nd-de-mont-roland","status":"publish","type":"page","link":"https:\/\/www.foietlumiere.ch\/wordpress\/?page_id=3453","title":{"rendered":"2020 &#8211; ND de Mont Roland"},"content":{"rendered":"\n<h3 class=\"wp-block-heading\">Tu nous as appel\u00e9s \u00e0 te suivre<\/h3>\n\n\n\n<p>Lons le Saunier 13 septembre 2020<br \/>Foi et Lumi\u00e8re Notre Dame de Mont Roland (Jura-France)<br \/>Dioc\u00e8se de Saint Claude<\/p>\n\n\n\n<div class=\"wp-block-image\"><figure class=\"aligncenter\"><a href=\"http:\/\/www.foietlumiere.ch\/wordpress\/?attachment_id=1334\"><img loading=\"lazy\" decoding=\"async\" width=\"313\" height=\"310\" src=\"http:\/\/www.foietlumiere.ch\/wordpress\/wp-content\/uploads\/2020\/09\/FL230920-1.jpg\" alt=\"\" class=\"wp-image-1334\" srcset=\"https:\/\/www.foietlumiere.ch\/wordpress\/wp-content\/uploads\/2020\/09\/FL230920-1.jpg 313w, https:\/\/www.foietlumiere.ch\/wordpress\/wp-content\/uploads\/2020\/09\/FL230920-1-150x150.jpg 150w\" sizes=\"auto, (max-width: 313px) 100vw, 313px\" \/><\/a><\/figure><\/div>\n\n\n\n<p><br \/>Apr\u00e8s l\u2019Eucharistie \u00e0 l\u2019Eglise des Cordeliers nous nous sommes retrouv\u00e9s dans une salle pr\u00eat\u00e9e par les S\u0153urs de l\u2019Alliance.<br \/>Ce fut un beau moment de partage avec nos amis de l\u2019Arche en Pays Comtois.<br \/>Premi\u00e8re rencontre de la communaut\u00e9 depuis celle du 8 mars \u00e0 Clairvaux les Lacs !<\/p>\n\n\n\n<div class=\"wp-block-image\"><figure class=\"aligncenter\"><a href=\"http:\/\/www.foietlumiere.ch\/wordpress\/?attachment_id=1335\"><img loading=\"lazy\" decoding=\"async\" width=\"254\" height=\"266\" src=\"http:\/\/www.foietlumiere.ch\/wordpress\/wp-content\/uploads\/2020\/09\/FL230920-2.jpg\" alt=\"\" class=\"wp-image-1335\"\/><\/a><\/figure><\/div>\n","protected":false},"excerpt":{"rendered":"<p>Tu nous as appel\u00e9s \u00e0 te suivre Lons le Saunier 13 septembre 2020Foi et Lumi\u00e8re Notre Dame de Mont Roland (Jura-France)Dioc\u00e8se de Saint Claude Apr\u00e8s l\u2019Eucharistie \u00e0 l\u2019Eglise des Cordeliers nous nous sommes retrouv\u00e9s dans une salle pr\u00eat\u00e9e par les S\u0153urs de l\u2019Alliance.Ce fut un beau moment de partage avec nos amis de l\u2019Arche en Pays Comtois.Premi\u00e8re rencontre de la communaut\u00e9 depuis celle du 8 mars \u00e0 Clairvaux les Lacs !<\/p>\n","protected":false},"author":4,"featured_media":0,"parent":0,"menu_order":214,"comment_status":"closed","ping_status":"closed","template":"","meta":{"footnotes":""},"class_list":["post-3453","page","type-page","status-publish","hentry"],"_links":{"self":[{"href":"https:\/\/www.foietlumiere.ch\/wordpress\/index.php?rest_route=\/wp\/v2\/pages\/3453","targetHints":{"allow":["GET"]}}],"collection":[{"href":"https:\/\/www.foietlumiere.ch\/wordpress\/index.php?rest_route=\/wp\/v2\/pages"}],"about":[{"href":"https:\/\/www.foietlumiere.ch\/wordpress\/index.php?rest_route=\/wp\/v2\/types\/page"}],"author":[{"embeddable":true,"href":"https:\/\/www.foietlumiere.ch\/wordpress\/index.php?rest_route=\/wp\/v2\/users\/4"}],"replies":[{"embeddable":true,"href":"https:\/\/www.foietlumiere.ch\/wordpress\/index.php?rest_route=%2Fwp%2Fv2%2Fcomments&post=3453"}],"version-history":[{"count":1,"href":"https:\/\/www.foietlumiere.ch\/wordpress\/index.php?rest_route=\/wp\/v2\/pages\/3453\/revisions"}],"predecessor-version":[{"id":3454,"href":"https:\/\/www.foietlumiere.ch\/wordpress\/index.php?rest_route=\/wp\/v2\/pages\/3453\/revisions\/3454"}],"wp:attachment":[{"href":"https:\/\/www.foietlumiere.ch\/wordpress\/index.php?rest_route=%2Fwp%2Fv2%2Fmedia&parent=3453"}],"curies":[{"name":"wp","href":"https:\/\/api.w.org\/{rel}","templated":true}]}}