{"id":21,"date":"2014-05-29T20:21:48","date_gmt":"2014-05-29T19:21:48","guid":{"rendered":"http:\/\/www.foietlumiere.ch\/wordpress\/?page_id=21"},"modified":"2023-08-26T09:03:23","modified_gmt":"2023-08-26T08:03:23","slug":"valais-francophone","status":"publish","type":"page","link":"https:\/\/www.foietlumiere.ch\/wordpress\/?page_id=21","title":{"rendered":"Valais"},"content":{"rendered":"\n<figure class=\"wp-block-image size-large\"><img loading=\"lazy\" decoding=\"async\" width=\"794\" height=\"951\" src=\"https:\/\/www.foietlumiere.ch\/wordpress\/wp-content\/uploads\/2021\/01\/st-joseph.jpg\" alt=\"\" class=\"wp-image-3061\" srcset=\"https:\/\/www.foietlumiere.ch\/wordpress\/wp-content\/uploads\/2021\/01\/st-joseph.jpg 794w, https:\/\/www.foietlumiere.ch\/wordpress\/wp-content\/uploads\/2021\/01\/st-joseph-501x600.jpg 501w, https:\/\/www.foietlumiere.ch\/wordpress\/wp-content\/uploads\/2021\/01\/st-joseph-768x920.jpg 768w\" sizes=\"auto, (max-width: 794px) 100vw, 794px\" \/><\/figure>\n\n\n<div id=\"contener\">\n<div id=\"text\">\n<p style=\"text-align: center;\"><span style=\"font-size: large;\"><strong>Communaut\u00e9s du Valais<br \/><\/strong><\/span><\/p>\n<hr \/>\n<p style=\"text-align: center;\"><strong>\u00ab\u00a0Notre-Dame de Val\u00e8re\u00a0\u00bb &#8211; Sion<br \/><\/strong><\/p>\n<p style=\"text-align: center;\"><strong>\u00ab\u00a0L&rsquo;Arc-en-Ciel\u00a0\u00bb &#8211; Saxon<br \/><\/strong><\/p>\n<p style=\"text-align: center;\"><strong>\u00ab\u00a0Grain de Soleil\u00a0\u00bb &#8211; Martigny<br \/><\/strong><\/p>\n<p style=\"text-align: center;\"><strong>\u00ab\u00a0La Cord\u00e9e de l&rsquo;Esp\u00e9rance\u00a0\u00bb &#8211; Bagnes<\/strong><\/p>\n<p><strong>Coordinateur r\u00e9gional <\/strong><\/p>\n<p>Eddy Travelletti 027 455 80 26 pastorale.specialisee@cath-vs.ch<img decoding=\"async\" style=\"display: block; margin-left: auto; margin-right: auto;\" src=\"http:\/\/foietlumiere.ch\/uploads\/images\/bas_valais\/bas_valais_011.jpg\" alt=\"\" width=\"500\"\/><\/p>\n<p>Eddy, qui est aussi diacre, pr\u00e9pare l&rsquo;autel pour la c\u00e9l\u00e9bration de la chandeleur,avec toutes les communaut\u00e9s valaisannes.<\/p>\n<p>Chaque ann\u00e9e, les communaut\u00e9s se retrouvent pour un temps de c\u00e9l\u00e9bration et de convivialit\u00e9.<\/p>\n<p>Une ann\u00e9e, la f\u00eate de la chandeleur co\u00efncidait avec carnaval&#8230; et ses sourires.<\/p>\n<p style=\"text-align: center;\"><img decoding=\"async\" src=\"http:\/\/foietlumiere.ch\/uploads\/images\/bas_valais\/bas_valais_010.jpg\" alt=\"\" width=\"500\"\/> <img decoding=\"async\" src=\"http:\/\/foietlumiere.ch\/uploads\/images\/bas_valais\/bas_valais_006.jpg\" alt=\"\" width=\"500\"\/><\/p>\n<p>Une autre ann\u00e9e, une excursion en train a emmen\u00e9 tout le monde pour la messe dans le village de Salvan, puis aux Mar\u00e9cottes en visite au zoo..<\/p>\n<p style=\"text-align: center;\"><img decoding=\"async\" src=\"http:\/\/foietlumiere.ch\/uploads\/images\/bas_valais\/bas_valais_008.JPG\" alt=\"\" width=\"500\"\/><\/p>\n<p style=\"text-align: center;\">En juin 2013, apr\u00e8s la participation \u00e0 la messe c\u00e9l\u00e9br\u00e9e dans l&rsquo;institution La Castalie \u00e0 Monthey, un bateau a embarqu\u00e9 tout le monde au Bouveret.<\/p>\n<p style=\"text-align: center;\"><img decoding=\"async\" src=\"http:\/\/foietlumiere.ch\/uploads\/images\/bas_valais\/bas_valais_014.jpg\" alt=\"\" width=\"500\"\/><\/p>\n<p style=\"text-align: center;\"><img decoding=\"async\" src=\"http:\/\/foietlumiere.ch\/uploads\/images\/bas_valais\/bas_valais_020.jpg\" alt=\"\" width=\"500\"\/><\/p>\n<p style=\"text-align: center;\"><img decoding=\"async\" src=\"http:\/\/foietlumiere.ch\/uploads\/images\/bas_valais\/bas_valais_016.jpg\" alt=\"\" width=\"500\"\/><\/p>\n<hr \/>\n<p style=\"text-align: center;\">\n<\/p><\/div>\n<\/div>","protected":false},"excerpt":{"rendered":"<p>Communaut\u00e9s du Valais \u00ab\u00a0Notre-Dame de Val\u00e8re\u00a0\u00bb &#8211; Sion \u00ab\u00a0L&rsquo;Arc-en-Ciel\u00a0\u00bb &#8211; Saxon \u00ab\u00a0Grain de Soleil\u00a0\u00bb &#8211; Martigny \u00ab\u00a0La Cord\u00e9e de l&rsquo;Esp\u00e9rance\u00a0\u00bb &#8211; Bagnes Coordinateur r\u00e9gional Eddy Travelletti 027 455 80 26 pastorale.specialisee@cath-vs.ch Eddy, qui est aussi diacre, pr\u00e9pare l&rsquo;autel pour la c\u00e9l\u00e9bration de la chandeleur,avec toutes les communaut\u00e9s valaisannes. Chaque ann\u00e9e, les communaut\u00e9s se retrouvent pour un temps de c\u00e9l\u00e9bration et de convivialit\u00e9. Une ann\u00e9e, la f\u00eate de la chandeleur co\u00efncidait avec carnaval&#8230; et ses sourires. Une autre ann\u00e9e, une excursion en train a emmen\u00e9 tout le monde pour la messe dans le village de Salvan, puis aux Mar\u00e9cottes en visite au zoo.. En juin 2013, apr\u00e8s la participation \u00e0 la messe c\u00e9l\u00e9br\u00e9e dans l&rsquo;institution La Castalie \u00e0 Monthey, un bateau a embarqu\u00e9 tout le monde au Bouveret.<\/p>\n","protected":false},"author":4,"featured_media":0,"parent":1453,"menu_order":6,"comment_status":"closed","ping_status":"closed","template":"","meta":{"footnotes":""},"class_list":["post-21","page","type-page","status-publish","hentry"],"_links":{"self":[{"href":"https:\/\/www.foietlumiere.ch\/wordpress\/index.php?rest_route=\/wp\/v2\/pages\/21","targetHints":{"allow":["GET"]}}],"collection":[{"href":"https:\/\/www.foietlumiere.ch\/wordpress\/index.php?rest_route=\/wp\/v2\/pages"}],"about":[{"href":"https:\/\/www.foietlumiere.ch\/wordpress\/index.php?rest_route=\/wp\/v2\/types\/page"}],"author":[{"embeddable":true,"href":"https:\/\/www.foietlumiere.ch\/wordpress\/index.php?rest_route=\/wp\/v2\/users\/4"}],"replies":[{"embeddable":true,"href":"https:\/\/www.foietlumiere.ch\/wordpress\/index.php?rest_route=%2Fwp%2Fv2%2Fcomments&post=21"}],"version-history":[{"count":26,"href":"https:\/\/www.foietlumiere.ch\/wordpress\/index.php?rest_route=\/wp\/v2\/pages\/21\/revisions"}],"predecessor-version":[{"id":4106,"href":"https:\/\/www.foietlumiere.ch\/wordpress\/index.php?rest_route=\/wp\/v2\/pages\/21\/revisions\/4106"}],"up":[{"embeddable":true,"href":"https:\/\/www.foietlumiere.ch\/wordpress\/index.php?rest_route=\/wp\/v2\/pages\/1453"}],"wp:attachment":[{"href":"https:\/\/www.foietlumiere.ch\/wordpress\/index.php?rest_route=%2Fwp%2Fv2%2Fmedia&parent=21"}],"curies":[{"name":"wp","href":"https:\/\/api.w.org\/{rel}","templated":true}]}}