{"id":10,"date":"2014-05-29T20:16:05","date_gmt":"2014-05-29T19:16:05","guid":{"rendered":"http:\/\/www.foietlumiere.ch\/wordpress\/?page_id=10"},"modified":"2023-08-26T09:00:47","modified_gmt":"2023-08-26T08:00:47","slug":"jura-francais","status":"publish","type":"page","link":"https:\/\/www.foietlumiere.ch\/wordpress\/?page_id=10","title":{"rendered":"Jura fran\u00e7ais"},"content":{"rendered":"<p><strong><span style=\"font-size: large;\">Communaut\u00e9 de Notre-Dame de Mont Roland<\/span><\/strong><\/p>\n<p style=\"text-align: left;\"><strong>Coordinateur<\/strong> : Maurice ANTOINE 0033 384 48 37 81<\/p>\n<p style=\"text-align: left;\"><strong>Aum\u00f4nier<\/strong> : Jean-Louis Beno\u00eet 0033 384 48 10 09&nbsp;&nbsp; christiane.benoit@wanadoo.fr<\/p>\n<p style=\"text-align: justify;\"><strong>En juin 2013<\/strong>, la communaut\u00e9 de Mont Roland avait organis\u00e9 une rencontre \u00e0 laquelle ont aussi particip\u00e9 les amis de l\u2019autre c\u00f4t\u00e9 de la fronti\u00e8re jurassienne, ceux de \u00ab R\u00eave d\u2019un Monde \u00bb (Neuch\u00e2tel) et de \u00ab Mille Etoiles \u00bb (Gen\u00e8ve). C\u2019est la paroisse de Pontarlier qui a accueilli Foi et Lumi\u00e8re. Est-ce un signe d\u2019esp\u00e9rance que d\u2019autres graines de Foi et Lumi\u00e8re germeront dans le Jura fran\u00e7ais\u2026<\/p>\n<p><img decoding=\"async\" style=\"display: block; margin-left: auto; margin-right: auto;\" src=\"http:\/\/foietlumiere.ch\/uploads\/images\/jura\/jura_007.jpg\" alt=\"\" width=\"500\"\/><\/p>\n<p style=\"text-align: center;\"><img decoding=\"async\" src=\"http:\/\/foietlumiere.ch\/uploads\/images\/jura\/jura_008.jpg\" alt=\"\" width=\"500\"\/><\/p>\n<p style=\"text-align: center;\"><img decoding=\"async\" src=\"http:\/\/foietlumiere.ch\/uploads\/images\/jura\/jura_009.jpg\" alt=\"\" width=\"500\"\/><\/p>\n<p style=\"text-align: center;\"><img decoding=\"async\" src=\"http:\/\/foietlumiere.ch\/uploads\/images\/jura\/jura_010.jpg\" alt=\"\" width=\"500\"\/><\/p>\n<p style=\"text-align: center;\"><img decoding=\"async\" src=\"http:\/\/foietlumiere.ch\/uploads\/images\/jura\/jura_011.jpg\" alt=\"\" width=\"500\"\/><\/p>\n<p><\/p>\n<hr \/>\n<p style=\"text-align: justify;\"><strong>Le 8 septembre 2013<\/strong> : rencontre communautaire au sanctuaire de Notre-Dame de Mont Roland o\u00f9 aura lieu la rencontre provinciale de 2014. Les noces de Cana ont \u00e9t\u00e9 mim\u00e9es, vive les rencontres o\u00f9 il y a la f\u00eate !<\/p>\n<p style=\"text-align: center;\"><img decoding=\"async\" src=\"http:\/\/foietlumiere.ch\/uploads\/images\/jura\/jura_012.JPG\" alt=\"\" width=\"500\"\/><\/p>\n<p style=\"text-align: center;\"><img decoding=\"async\" src=\"http:\/\/foietlumiere.ch\/uploads\/images\/jura\/jura_013.JPG\" alt=\"\" width=\"500\"\/><\/p>\n<p style=\"text-align: center;\"><img decoding=\"async\" src=\"http:\/\/foietlumiere.ch\/uploads\/images\/jura\/jura_014.JPG\" alt=\"\" width=\"500\"\/><\/p>\n<hr \/>\n<p style=\"text-align: justify;\"><strong>En d\u00e9cembre 2014, <\/strong>la rencontre s&rsquo;est d\u00e9roul\u00e9e \u00e0 Mt Roland, en lien avec les amis de l&rsquo;Arche en Pays Comtois. La messe a \u00e9t\u00e9 c\u00e9l\u00e9br\u00e9e par Monseigneur Daucour \u00e9v\u00eaque en retraite dans un village vers l&rsquo;abbaye d&rsquo;Acey.Il fut responsable des aum\u00f4neries de l&rsquo;Arche en Italie.Trois foyers de l\u2019Arche vont ouvrir en octobre 2015, c&rsquo;est un vrai cadeau de No\u00ebl pour nous tous!Deux foyers seront dans l&rsquo;ancienne h\u00f4tellerie de Mt Roland, le troisi\u00e8me dans la maison des Orphelins au centre de Dole. Nous pouvons rendre gr\u00e2ce au Seigneur pour tous ce que nous avons v\u00e9cu depuis les premi\u00e8res rencontres en SUISSE, le p\u00e8lerinage \u00e0 SAINT MAURICE et la naissance de cette nouvelle communaut\u00e9 de l&rsquo;Arche.<\/p>\n<p style=\"text-align: center;\"><a href=\"http:\/\/www.foietlumiere.ch\/wordpress\/?attachment_id=618\" rel=\"attachment wp-att-618\"><img loading=\"lazy\" decoding=\"async\" class=\"aligncenter size-full wp-image-618\" src=\"http:\/\/www.foietlumiere.ch\/wordpress\/wp-content\/uploads\/2014\/05\/Notre-Dame-de-Mont-Roland.jpg\" alt=\"??????????\" width=\"480\" height=\"567\"\/><\/a><\/p>\n<p>Et voici le fruit de\u00ab&nbsp;l\u2019atelier des artistes&nbsp;\u00bb de la rencontre de janvier 2015 sur le th\u00e8me \u00ab&nbsp;nous ne formons qu\u2019un&nbsp;\u00bb, nous demeurons unis en tendant la main-c\u0153ur\u2026<\/p>\n<p style=\"text-align: justify;\"><a href=\"http:\/\/www.foietlumiere.ch\/wordpress\/?attachment_id=619\" rel=\"attachment wp-att-619\"><img loading=\"lazy\" decoding=\"async\" class=\"aligncenter size-full wp-image-619\" src=\"http:\/\/www.foietlumiere.ch\/wordpress\/wp-content\/uploads\/2014\/05\/Notre-Dame-de-Mont-Roland-2.jpg\" alt=\"??????????\" width=\"640\" height=\"480\" srcset=\"https:\/\/www.foietlumiere.ch\/wordpress\/wp-content\/uploads\/2014\/05\/Notre-Dame-de-Mont-Roland-2.jpg 640w, https:\/\/www.foietlumiere.ch\/wordpress\/wp-content\/uploads\/2014\/05\/Notre-Dame-de-Mont-Roland-2-600x450.jpg 600w\" sizes=\"auto, (max-width: 640px) 100vw, 640px\" \/><\/a><\/p>\n<p style=\"text-align: justify;\"><a href=\"http:\/\/www.foietlumiere.ch\/wordpress\/?attachment_id=620\" rel=\"attachment wp-att-620\"><img loading=\"lazy\" decoding=\"async\" class=\"aligncenter size-full wp-image-620\" src=\"http:\/\/www.foietlumiere.ch\/wordpress\/wp-content\/uploads\/2014\/05\/Notre-Dame-de-Mont-Roland-3.jpg\" alt=\"??????????\" width=\"480\" height=\"532\"\/><\/a><\/p>\n\n\n<p><\/p>\n\n\n\n<hr class=\"wp-block-separator has-css-opacity\"\/>\n\n\n\n<p><strong>2021  Premi\u00e8re rencontre depuis juin  de la communaut\u00e9 Foi et Lumi\u00e8re Notre Dame de Mont Roland. <\/strong><\/p>\n\n\n\n<p>La communaut\u00e9 s\u2019est retrouv\u00e9e \u00e0 Poligny dimanche 12 septembre. Apr\u00e8s l\u2019Eucharistie c\u00e9l\u00e9br\u00e9e \u00e0 la Coll\u00e9giale St Hippolyte&nbsp; tout le monde s\u2019est retrouv\u00e9 dans les jardins de l\u2019\u00e9v\u00each\u00e9 pour le pique-nique suivi d\u2019un temps de partage autour de la rencontre de Marie-Madeleine et de J\u00e9sus ressuscit\u00e9. Nous avons pu mimer le r\u00e9cit biblique. Des chants et des pri\u00e8res ont ponctu\u00e9 notre apr\u00e8s- midi sous le soleil. Beau moment&nbsp;de gaiet\u00e9&nbsp;! <\/p>\n\n\n\n<figure class=\"wp-block-image size-large\"><a href=\"https:\/\/www.foietlumiere.ch\/wordpress\/wp-content\/uploads\/2021\/10\/12-septembre-rencontre-Foi-et-Lumiere-a-Poligny-scaled.jpg\"><img loading=\"lazy\" decoding=\"async\" width=\"1024\" height=\"768\" src=\"https:\/\/www.foietlumiere.ch\/wordpress\/wp-content\/uploads\/2021\/10\/12-septembre-rencontre-Foi-et-Lumiere-a-Poligny-1024x768.jpg\" alt=\"\" class=\"wp-image-3792\" srcset=\"https:\/\/www.foietlumiere.ch\/wordpress\/wp-content\/uploads\/2021\/10\/12-septembre-rencontre-Foi-et-Lumiere-a-Poligny-1024x768.jpg 1024w, https:\/\/www.foietlumiere.ch\/wordpress\/wp-content\/uploads\/2021\/10\/12-septembre-rencontre-Foi-et-Lumiere-a-Poligny-600x450.jpg 600w, https:\/\/www.foietlumiere.ch\/wordpress\/wp-content\/uploads\/2021\/10\/12-septembre-rencontre-Foi-et-Lumiere-a-Poligny-768x576.jpg 768w, https:\/\/www.foietlumiere.ch\/wordpress\/wp-content\/uploads\/2021\/10\/12-septembre-rencontre-Foi-et-Lumiere-a-Poligny-1536x1152.jpg 1536w, https:\/\/www.foietlumiere.ch\/wordpress\/wp-content\/uploads\/2021\/10\/12-septembre-rencontre-Foi-et-Lumiere-a-Poligny-2048x1536.jpg 2048w\" sizes=\"auto, (max-width: 1024px) 100vw, 1024px\" \/><\/a><figcaption class=\"wp-element-caption\">Premi\u00e8re rencontre depuis juin 2021 de la communaut\u00e9 Foi et Lumi\u00e8re Notre Dame de Mont Roland<\/figcaption><\/figure>\n","protected":false},"excerpt":{"rendered":"<p>Communaut\u00e9 de Notre-Dame de Mont Roland Coordinateur : Maurice ANTOINE 0033 384 48 37 81 Aum\u00f4nier : Jean-Louis Beno\u00eet 0033 384 48 10 09&nbsp;&nbsp; christiane.benoit@wanadoo.fr En juin 2013, la communaut\u00e9 de Mont Roland avait organis\u00e9 une rencontre \u00e0 laquelle ont aussi particip\u00e9 les amis de l\u2019autre c\u00f4t\u00e9 de la fronti\u00e8re jurassienne, ceux de \u00ab R\u00eave d\u2019un Monde \u00bb (Neuch\u00e2tel) et de \u00ab Mille Etoiles \u00bb (Gen\u00e8ve). C\u2019est la paroisse de Pontarlier qui a accueilli Foi et Lumi\u00e8re. Est-ce un signe d\u2019esp\u00e9rance que d\u2019autres graines de Foi et Lumi\u00e8re germeront dans le Jura fran\u00e7ais\u2026 Le 8 septembre 2013 : rencontre communautaire au sanctuaire de Notre-Dame de Mont Roland o\u00f9 aura lieu la rencontre provinciale de 2014. Les noces de Cana ont \u00e9t\u00e9 mim\u00e9es, vive les rencontres o\u00f9 il y a la f\u00eate ! En d\u00e9cembre 2014, la rencontre s&rsquo;est d\u00e9roul\u00e9e \u00e0 Mt Roland, en lien avec les amis de l&rsquo;Arche en Pays Comtois. La messe <a class=\"more-link\" href=\"https:\/\/www.foietlumiere.ch\/wordpress\/?page_id=10\">Continuer la lecture <span class=\"screen-reader-text\">  Jura fran\u00e7ais<\/span><span class=\"meta-nav\">&rarr;<\/span><\/a><\/p>\n","protected":false},"author":4,"featured_media":0,"parent":1453,"menu_order":0,"comment_status":"closed","ping_status":"closed","template":"","meta":{"footnotes":""},"class_list":["post-10","page","type-page","status-publish","hentry"],"_links":{"self":[{"href":"https:\/\/www.foietlumiere.ch\/wordpress\/index.php?rest_route=\/wp\/v2\/pages\/10","targetHints":{"allow":["GET"]}}],"collection":[{"href":"https:\/\/www.foietlumiere.ch\/wordpress\/index.php?rest_route=\/wp\/v2\/pages"}],"about":[{"href":"https:\/\/www.foietlumiere.ch\/wordpress\/index.php?rest_route=\/wp\/v2\/types\/page"}],"author":[{"embeddable":true,"href":"https:\/\/www.foietlumiere.ch\/wordpress\/index.php?rest_route=\/wp\/v2\/users\/4"}],"replies":[{"embeddable":true,"href":"https:\/\/www.foietlumiere.ch\/wordpress\/index.php?rest_route=%2Fwp%2Fv2%2Fcomments&post=10"}],"version-history":[{"count":24,"href":"https:\/\/www.foietlumiere.ch\/wordpress\/index.php?rest_route=\/wp\/v2\/pages\/10\/revisions"}],"predecessor-version":[{"id":4099,"href":"https:\/\/www.foietlumiere.ch\/wordpress\/index.php?rest_route=\/wp\/v2\/pages\/10\/revisions\/4099"}],"up":[{"embeddable":true,"href":"https:\/\/www.foietlumiere.ch\/wordpress\/index.php?rest_route=\/wp\/v2\/pages\/1453"}],"wp:attachment":[{"href":"https:\/\/www.foietlumiere.ch\/wordpress\/index.php?rest_route=%2Fwp%2Fv2%2Fmedia&parent=10"}],"curies":[{"name":"wp","href":"https:\/\/api.w.org\/{rel}","templated":true}]}}